{"id":2249,"date":"2020-10-05T17:17:03","date_gmt":"2020-10-05T15:17:03","guid":{"rendered":"https:\/\/hegoaldeikastola.educacion.navarra.es\/web\/4-ardatz\/"},"modified":"2021-03-16T19:13:57","modified_gmt":"2021-03-16T18:13:57","slug":"4-ardatz","status":"publish","type":"page","link":"https:\/\/hegoaldeikastola.educacion.navarra.es\/web\/es\/4-ardatz\/","title":{"rendered":"4 ardatz"},"content":{"rendered":"\n<div class=\"wp-container-1 wp-block-buttons is-content-justification-center\">\n<div class=\"wp-block-button\"><a class=\"wp-block-button__link has-blue-background-color has-background\" href=\"https:\/\/drive.google.com\/file\/d\/15TogZilKKb5dDqBMeGgsf96S9aKuC9fb\/view?usp=sharing\" target=\"_blank\" rel=\"noreferrer noopener\">V\u00cdDEO<\/a><\/div>\n<\/div>\n\n\n\n<h2 class=\"has-text-align-center has-text-color\" style=\"color:#a36700\"><strong>AUTONOM\u00cdA Y RESPONSABILIDADES EN EDUCACI\u00d3N INFANTIL (DOCUMENTO BILING\u00dcE)<\/strong><\/h2>\n\n\n\n<div class=\"wp-container-2 wp-block-group\"><div class=\"wp-block-group__inner-container\"><a href=\"https:\/\/hegoaldeikastola.educacion.navarra.es\/web\/wp-content\/uploads\/2020\/10\/Autonomia-eta-ardurak-HH-autonomia-y-responsabilidades-EI.pdf\" class=\"pdfemb-viewer\" style=\"\" data-width=\"max\" data-height=\"max\" data-toolbar=\"bottom\" data-toolbar-fixed=\"off\">Autonomia-eta-ardurak-HH-autonomia-y-responsabilidades-EI<\/a>\n<p class=\"wp-block-pdfemb-pdf-embedder-viewer\"><\/p>\n<\/div><\/div>\n\n\n\n<h2 class=\"has-text-align-center has-text-color\" style=\"color:#a36700\"><strong>AUTONOM\u00cdA Y RESPONSABILIDADES EN EL 1\u00ba CICLO DE EDUCACI\u00d3N PRIMARIA<\/strong> <strong>(<strong>DOCUMENTO<\/strong><\/strong> <strong><strong>BILING\u00dcE<\/strong>)<\/strong><\/h2>\n\n\n<a href=\"https:\/\/hegoaldeikastola.educacion.navarra.es\/web\/wp-content\/uploads\/2020\/10\/Autonomia-eta-ardurak-LH-1.-zikloa-autonomia-y-responsabilidades-1o-ciclo-EP.pdf\" class=\"pdfemb-viewer\" style=\"\" data-width=\"max\" data-height=\"max\" data-toolbar=\"bottom\" data-toolbar-fixed=\"off\">Autonomia-eta-ardurak-LH-1.-zikloa-autonomia-y-responsabilidades-1o-ciclo-EP<\/a>\n<p class=\"wp-block-pdfemb-pdf-embedder-viewer\"><\/p>\n\n\n\n<h2 class=\"has-text-align-center has-text-color\" style=\"color:#a36700\"><strong>AUTONOM\u00cdA Y RESPONSABILIDADES EN EL 2\u00ba CICLO DE EDUCACI\u00d3N PRIMARIA<\/strong> <strong>(DOCUMENTO <strong>BILING\u00dcE<\/strong>)<\/strong><\/h2>\n\n\n<a href=\"https:\/\/hegoaldeikastola.educacion.navarra.es\/web\/wp-content\/uploads\/2020\/10\/Autonomia-eta-ardurak-LH-2.-zikloa-autonomia-y-responsabilidades-2o-ciclo-EP.pdf\" class=\"pdfemb-viewer\" style=\"\" data-width=\"max\" data-height=\"max\" data-toolbar=\"bottom\" data-toolbar-fixed=\"off\">Autonomia-eta-ardurak-LH-2.-zikloa-autonomia-y-responsabilidades-2o-ciclo-EP<\/a>\n<p class=\"wp-block-pdfemb-pdf-embedder-viewer\"><\/p>\n\n\n\n<h2 class=\"has-text-align-center has-text-color\" style=\"color:#a36700\"><strong>AUTONOM\u00cdA Y RESPONSABILIDADES EN EL 3\u00ba CICLO DE EDUCACI\u00d3N PRIMARIA<\/strong> <strong>(DOCUMENTO <strong>BILING\u00dcE<\/strong>)<\/strong><\/h2>\n\n\n<a href=\"https:\/\/hegoaldeikastola.educacion.navarra.es\/web\/wp-content\/uploads\/2020\/10\/Autonomia-eta-ardurak-LH-3.-zikloa-autonomia-y-responsabilidades-3o-ciclo-EP.pdf\" class=\"pdfemb-viewer\" style=\"\" data-width=\"max\" data-height=\"max\" data-toolbar=\"bottom\" data-toolbar-fixed=\"off\">Autonomia-eta-ardurak-LH-3.-zikloa-autonomia-y-responsabilidades-3o-ciclo-EP<\/a>\n<p class=\"wp-block-pdfemb-pdf-embedder-viewer\"><\/p>\n","protected":false},"excerpt":{"rendered":"<p>AUTONOM\u00cdA Y RESPONSABILIDADES EN EDUCACI\u00d3N INFANTIL (DOCUMENTO BILING\u00dcE) AUTONOM\u00cdA Y RESPONSABILIDADES EN EL 1\u00ba CICLO DE EDUCACI\u00d3N PRIMARIA (DOCUMENTO BILING\u00dcE) AUTONOM\u00cdA Y RESPONSABILIDADES EN EL 2\u00ba CICLO DE EDUCACI\u00d3N PRIMARIA (DOCUMENTO BILING\u00dcE) AUTONOM\u00cdA Y RESPONSABILIDADES EN EL 3\u00ba CICLO DE &hellip; <a href=\"https:\/\/hegoaldeikastola.educacion.navarra.es\/web\/es\/4-ardatz\/\">Sigue leyendo <span class=\"meta-nav\">&rarr;<\/span><\/a><\/p>\n","protected":false},"author":1,"featured_media":0,"parent":0,"menu_order":0,"comment_status":"closed","ping_status":"closed","template":"","meta":[],"featured_image_src":null,"featured_image_src_square":null,"_links":{"self":[{"href":"https:\/\/hegoaldeikastola.educacion.navarra.es\/web\/es\/wp-json\/wp\/v2\/pages\/2249"}],"collection":[{"href":"https:\/\/hegoaldeikastola.educacion.navarra.es\/web\/es\/wp-json\/wp\/v2\/pages"}],"about":[{"href":"https:\/\/hegoaldeikastola.educacion.navarra.es\/web\/es\/wp-json\/wp\/v2\/types\/page"}],"author":[{"embeddable":true,"href":"https:\/\/hegoaldeikastola.educacion.navarra.es\/web\/es\/wp-json\/wp\/v2\/users\/1"}],"replies":[{"embeddable":true,"href":"https:\/\/hegoaldeikastola.educacion.navarra.es\/web\/es\/wp-json\/wp\/v2\/comments?post=2249"}],"version-history":[{"count":10,"href":"https:\/\/hegoaldeikastola.educacion.navarra.es\/web\/es\/wp-json\/wp\/v2\/pages\/2249\/revisions"}],"predecessor-version":[{"id":4775,"href":"https:\/\/hegoaldeikastola.educacion.navarra.es\/web\/es\/wp-json\/wp\/v2\/pages\/2249\/revisions\/4775"}],"wp:attachment":[{"href":"https:\/\/hegoaldeikastola.educacion.navarra.es\/web\/es\/wp-json\/wp\/v2\/media?parent=2249"}],"curies":[{"name":"wp","href":"https:\/\/api.w.org\/{rel}","templated":true}]}}