{"id":2621,"date":"2020-10-28T16:04:57","date_gmt":"2020-10-28T15:04:57","guid":{"rendered":"https:\/\/hegoaldeikastola.educacion.navarra.es\/web\/quienes-somos\/"},"modified":"2023-12-01T20:12:03","modified_gmt":"2023-12-01T19:12:03","slug":"quienes-somos","status":"publish","type":"page","link":"https:\/\/hegoaldeikastola.educacion.navarra.es\/web\/es\/quienes-somos\/","title":{"rendered":"Qui\u00e9nes somos"},"content":{"rendered":"\n<h2 class=\"has-text-align-center has-text-color\" style=\"color:#a36700\"><strong>HISTORIA<\/strong><\/h2>\n\n<p>En el Curso escolar 1977 &#8211; 78 padres y madres, docentes y organismos populares crearon el embri\u00f3n de Udal Ikastola con unas caracter\u00edsticas significativas: p\u00fablica, euskaldun e innovadora pedag\u00f3gicamente.<\/p>\n\n<p>La intenci\u00f3n era cubrir en estos tres aspectos el vac\u00edo que exist\u00eda en aquel momento. Iru\u00f1eko Udal Ikastola estaba constituida por tres centros escolares: Amaiur, Axular yHegoalde.<\/p>\n\n<p><p>En su inicio el estatus legal fue fuente de conflicto con la Administraci\u00f3n: Colegio Nacional Biling\u00fce adscrito a un centro p\u00fablico, en los comienzos, dependientes posteriormente del Patronato para el Fomento del Euskara del Ayuntamiento de Iru\u00f1a, despu\u00e9s Ikastolas Municipales. Desde septiembre de 2003 el centro depende del Gobierno de Navarra.<\/p><\/p>\n\n<figure class=\"wp-block-embed is-type-video is-provider-youtube wp-block-embed-youtube wp-embed-aspect-16-9 wp-has-aspect-ratio\"><div class=\"wp-block-embed__wrapper\">\r\n<iframe loading=\"lazy\" title=\"Origen Ikastola Municipal de Pamplona\" width=\"584\" height=\"329\" src=\"https:\/\/www.youtube.com\/embed\/_Rgz0X2RCjQ?feature=oembed\" frameborder=\"0\" allow=\"accelerometer; autoplay; clipboard-write; encrypted-media; gyroscope; picture-in-picture; web-share\" allowfullscreen><\/iframe>\r\n<\/div><\/figure>\r\n\n<figure class=\"wp-block-gallery aligncenter has-nested-images columns-default is-cropped\">\n<figure class=\"wp-block-image size-large\"><img loading=\"lazy\" width=\"1024\" height=\"723\" data-id=\"237\"  src=\"https:\/\/hegoaldeikastola.educacion.navarra.es\/web\/wp-content\/uploads\/2020\/01\/okupa-2-min-2-1024x723.jpg\" alt=\"\" class=\"wp-image-237\" srcset=\"https:\/\/hegoaldeikastola.educacion.navarra.es\/web\/wp-content\/uploads\/2020\/01\/okupa-2-min-2-1024x723.jpg 1024w, https:\/\/hegoaldeikastola.educacion.navarra.es\/web\/wp-content\/uploads\/2020\/01\/okupa-2-min-2-300x212.jpg 300w, https:\/\/hegoaldeikastola.educacion.navarra.es\/web\/wp-content\/uploads\/2020\/01\/okupa-2-min-2-768x543.jpg 768w, https:\/\/hegoaldeikastola.educacion.navarra.es\/web\/wp-content\/uploads\/2020\/01\/okupa-2-min-2-1536x1085.jpg 1536w, https:\/\/hegoaldeikastola.educacion.navarra.es\/web\/wp-content\/uploads\/2020\/01\/okupa-2-min-2.jpg 1996w\" sizes=\"(max-width: 1024px) 100vw, 1024px\" \/><\/figure>\n\n\n<figure class=\"wp-block-image size-large\"><img loading=\"lazy\" width=\"734\" height=\"1024\" data-id=\"222\"  src=\"https:\/\/hegoaldeikastola.educacion.navarra.es\/web\/wp-content\/uploads\/2020\/01\/okupa3-min-1-734x1024.jpg\" alt=\"\" class=\"wp-image-222\" srcset=\"https:\/\/hegoaldeikastola.educacion.navarra.es\/web\/wp-content\/uploads\/2020\/01\/okupa3-min-1-734x1024.jpg 734w, https:\/\/hegoaldeikastola.educacion.navarra.es\/web\/wp-content\/uploads\/2020\/01\/okupa3-min-1-215x300.jpg 215w, https:\/\/hegoaldeikastola.educacion.navarra.es\/web\/wp-content\/uploads\/2020\/01\/okupa3-min-1-768x1072.jpg 768w, https:\/\/hegoaldeikastola.educacion.navarra.es\/web\/wp-content\/uploads\/2020\/01\/okupa3-min-1-1100x1536.jpg 1100w, https:\/\/hegoaldeikastola.educacion.navarra.es\/web\/wp-content\/uploads\/2020\/01\/okupa3-min-1-1467x2048.jpg 1467w, https:\/\/hegoaldeikastola.educacion.navarra.es\/web\/wp-content\/uploads\/2020\/01\/okupa3-min-1.jpg 1541w\" sizes=\"(max-width: 734px) 100vw, 734px\" \/><\/figure>\n\n\n<figure class=\"wp-block-image size-large\"><img loading=\"lazy\" width=\"1024\" height=\"713\" data-id=\"239\"  src=\"https:\/\/hegoaldeikastola.educacion.navarra.es\/web\/wp-content\/uploads\/2020\/01\/okupa4-min-2-1024x713.jpg\" alt=\"\" class=\"wp-image-239\" srcset=\"https:\/\/hegoaldeikastola.educacion.navarra.es\/web\/wp-content\/uploads\/2020\/01\/okupa4-min-2-1024x713.jpg 1024w, https:\/\/hegoaldeikastola.educacion.navarra.es\/web\/wp-content\/uploads\/2020\/01\/okupa4-min-2-300x209.jpg 300w, https:\/\/hegoaldeikastola.educacion.navarra.es\/web\/wp-content\/uploads\/2020\/01\/okupa4-min-2-768x534.jpg 768w, https:\/\/hegoaldeikastola.educacion.navarra.es\/web\/wp-content\/uploads\/2020\/01\/okupa4-min-2-1536x1069.jpg 1536w, https:\/\/hegoaldeikastola.educacion.navarra.es\/web\/wp-content\/uploads\/2020\/01\/okupa4-min-2-2048x1425.jpg 2048w\" sizes=\"(max-width: 1024px) 100vw, 1024px\" \/><\/figure><\/figure>\n\n<h2 class=\"has-text-align-center has-text-color\" style=\"color:#a36700\"><strong>TITULARIDAD<\/strong><\/h2>\n\n<p>Hegoalde es un colegio p\u00fablico dependiente del Gobierno de Navarra.<\/p>\n\n<div class=\"wp-block-image\"><figure class=\"aligncenter size-large is-resized\"><img loading=\"lazy\" src=\"https:\/\/hegoaldeikastola.educacion.navarra.es\/web\/wp-content\/uploads\/2020\/01\/P2030756-min-1024x768.jpg\" alt=\"\" class=\"wp-image-172\" width=\"233\" height=\"178\"\/><\/figure><\/div>\n\n<h2 class=\"has-text-align-center has-text-color\" style=\"color:#a36700\"><strong>FINANCIACI\u00d3N<\/strong><\/h2>\n\n<p>La educaci\u00f3n es gratuita para los padres y madres. Hegoalde recibe para las actividades extraescolares o para proyectos concretos el mismo tipo de ayudas asignadas a los centros p\u00fablicos. Los gastos propios de material fungible y salidas escolares son abonados en parte mediante una cuota anual por los padres y madres.&#13;\n<\/p>\n\n<div class=\"wp-block-image is-style-rounded\"><figure class=\"aligncenter size-large is-resized\"><img loading=\"lazy\" src=\"https:\/\/hegoaldeikastola.educacion.navarra.es\/web\/wp-content\/uploads\/2020\/01\/C028.tmp_-768x1024.jpg\" alt=\"\" class=\"wp-image-440\" width=\"203\" height=\"275\"\/><\/figure><\/div>\n\n<h2 class=\"has-text-align-center has-text-color\" style=\"color:#a36700\"><strong>OFERTA EDUCATIVA<\/strong><\/h2>\n\n<p><p><span style=\"font-weight: 400;\">Hegoalde ofrece la Etapa de Educaci\u00f3n Infantil y Ense\u00f1anza Primaria, desde los 3 hasta <\/span><span style=\"font-weight: 400;\">los 12 a\u00f1os, con dos grupos por cada nivel escolar. La Educaci\u00f3n Secundaria Obligatoria ( 12- 16 a\u00f1os) la realizan los alumnos y alumnas en <\/span><span style=\"font-weight: 400;\">el instituto Iturrama.<\/span><\/p><\/p>\n\n<div class=\"wp-block-image\"><figure class=\"aligncenter size-large is-resized\"><img loading=\"lazy\" src=\"https:\/\/hegoaldeikastola.educacion.navarra.es\/web\/wp-content\/uploads\/2020\/02\/F1C7.tmp-min-1024x558.jpg\" alt=\"\" class=\"wp-image-701\" width=\"282\" height=\"154\"\/><\/figure><\/div>\n\n<p><\/p>\n","protected":false},"excerpt":{"rendered":"<p>HISTORIA En el Curso escolar 1977 &#8211; 78 padres y madres, docentes y organismos populares crearon el embri\u00f3n de Udal Ikastola con unas caracter\u00edsticas significativas: p\u00fablica, euskaldun e innovadora pedag\u00f3gicamente. La intenci\u00f3n era cubrir en estos tres aspectos el vac\u00edo &hellip; <a href=\"https:\/\/hegoaldeikastola.educacion.navarra.es\/web\/es\/quienes-somos\/\">Sigue leyendo <span class=\"meta-nav\">&rarr;<\/span><\/a><\/p>\n","protected":false},"author":1,"featured_media":0,"parent":0,"menu_order":0,"comment_status":"closed","ping_status":"closed","template":"","meta":[],"featured_image_src":null,"featured_image_src_square":null,"_links":{"self":[{"href":"https:\/\/hegoaldeikastola.educacion.navarra.es\/web\/es\/wp-json\/wp\/v2\/pages\/2621"}],"collection":[{"href":"https:\/\/hegoaldeikastola.educacion.navarra.es\/web\/es\/wp-json\/wp\/v2\/pages"}],"about":[{"href":"https:\/\/hegoaldeikastola.educacion.navarra.es\/web\/es\/wp-json\/wp\/v2\/types\/page"}],"author":[{"embeddable":true,"href":"https:\/\/hegoaldeikastola.educacion.navarra.es\/web\/es\/wp-json\/wp\/v2\/users\/1"}],"replies":[{"embeddable":true,"href":"https:\/\/hegoaldeikastola.educacion.navarra.es\/web\/es\/wp-json\/wp\/v2\/comments?post=2621"}],"version-history":[{"count":5,"href":"https:\/\/hegoaldeikastola.educacion.navarra.es\/web\/es\/wp-json\/wp\/v2\/pages\/2621\/revisions"}],"predecessor-version":[{"id":13827,"href":"https:\/\/hegoaldeikastola.educacion.navarra.es\/web\/es\/wp-json\/wp\/v2\/pages\/2621\/revisions\/13827"}],"wp:attachment":[{"href":"https:\/\/hegoaldeikastola.educacion.navarra.es\/web\/es\/wp-json\/wp\/v2\/media?parent=2621"}],"curies":[{"name":"wp","href":"https:\/\/api.w.org\/{rel}","templated":true}]}}