{"id":3861,"date":"2021-01-20T18:13:10","date_gmt":"2021-01-20T17:13:10","guid":{"rendered":"https:\/\/hegoaldeikastola.educacion.navarra.es\/web\/aula-alternativa\/"},"modified":"2026-01-29T14:42:53","modified_gmt":"2026-01-29T13:42:53","slug":"aula-alternativa","status":"publish","type":"page","link":"https:\/\/hegoaldeikastola.educacion.navarra.es\/web\/es\/aula-alternativa\/","title":{"rendered":"Ortzadar Gela"},"content":{"rendered":"\n<p>Tras el largo recorrido de un Aula de Transici\u00f3n (TGD) en la ikastola, en 2011 se puso en marcha la actual Aula Alternativa de Hegoalde. De esta forma se cumpli\u00f3 el sue\u00f1o de familias y profesionales que siempre han cre\u00eddo y luchado por la inclusi\u00f3n, integraci\u00f3n y normalizaci\u00f3n de todo el alumnado.<\/p>\n\n<p>Desde entonces han transcurrido ya  9 cursos y son 8 las ni\u00f1as y ni\u00f1os que han formado parte de este aula. Con cada alumna y alumno, todos los miembros de la comunidad educativa tenemos la oportunidad de adquirir una infinidad de aprendizajes. Es una gran suerte contar con un aula de estas caracter\u00edstias en Hegoalde Ikastola.<\/p>\n\n<p>En este v\u00eddeo mostramos el trabajo que se est\u00e1 realizando durante este curso escolar.<\/p>\n\n<figure class=\"wp-block-embed is-type-video is-provider-youtube wp-block-embed-youtube wp-embed-aspect-16-9 wp-has-aspect-ratio\"><div class=\"wp-block-embed__wrapper\">\r\n<iframe loading=\"lazy\" title=\"Gela Alternatiboa 2023\/2024\" width=\"584\" height=\"329\" src=\"https:\/\/www.youtube.com\/embed\/egpGxJ4JKMo?feature=oembed\" frameborder=\"0\" allow=\"accelerometer; autoplay; clipboard-write; encrypted-media; gyroscope; picture-in-picture; web-share\" allowfullscreen><\/iframe>\r\n<\/div><\/figure><br>\n","protected":false},"excerpt":{"rendered":"<p>Tras el largo recorrido de un Aula de Transici\u00f3n (TGD) en la ikastola, en 2011 se puso en marcha la actual Aula Alternativa de Hegoalde. De esta forma se cumpli\u00f3 el sue\u00f1o de familias y profesionales que siempre han cre\u00eddo &hellip; <a href=\"https:\/\/hegoaldeikastola.educacion.navarra.es\/web\/es\/aula-alternativa\/\">Sigue leyendo <span class=\"meta-nav\">&rarr;<\/span><\/a><\/p>\n","protected":false},"author":1,"featured_media":0,"parent":0,"menu_order":0,"comment_status":"closed","ping_status":"closed","template":"","meta":[],"featured_image_src":null,"featured_image_src_square":null,"_links":{"self":[{"href":"https:\/\/hegoaldeikastola.educacion.navarra.es\/web\/es\/wp-json\/wp\/v2\/pages\/3861"}],"collection":[{"href":"https:\/\/hegoaldeikastola.educacion.navarra.es\/web\/es\/wp-json\/wp\/v2\/pages"}],"about":[{"href":"https:\/\/hegoaldeikastola.educacion.navarra.es\/web\/es\/wp-json\/wp\/v2\/types\/page"}],"author":[{"embeddable":true,"href":"https:\/\/hegoaldeikastola.educacion.navarra.es\/web\/es\/wp-json\/wp\/v2\/users\/1"}],"replies":[{"embeddable":true,"href":"https:\/\/hegoaldeikastola.educacion.navarra.es\/web\/es\/wp-json\/wp\/v2\/comments?post=3861"}],"version-history":[{"count":8,"href":"https:\/\/hegoaldeikastola.educacion.navarra.es\/web\/es\/wp-json\/wp\/v2\/pages\/3861\/revisions"}],"predecessor-version":[{"id":20826,"href":"https:\/\/hegoaldeikastola.educacion.navarra.es\/web\/es\/wp-json\/wp\/v2\/pages\/3861\/revisions\/20826"}],"wp:attachment":[{"href":"https:\/\/hegoaldeikastola.educacion.navarra.es\/web\/es\/wp-json\/wp\/v2\/media?parent=3861"}],"curies":[{"name":"wp","href":"https:\/\/api.w.org\/{rel}","templated":true}]}}